{"id":5707,"date":"2020-04-17T16:58:58","date_gmt":"2020-04-17T14:58:58","guid":{"rendered":"https:\/\/www.achtsamkeitsinstitut-ruhr.de\/?page_id=5707"},"modified":"2020-11-13T14:15:54","modified_gmt":"2020-11-13T13:15:54","slug":"publications","status":"publish","type":"page","link":"https:\/\/www.achtsamkeitsinstitut-ruhr.de\/en\/publications\/","title":{"rendered":"PUBLICATIONS"},"content":{"rendered":"<p><strong>DIPL.-PSYCH. PETRA MEIBERT<\/strong><\/p>\n<p><strong>Books:<\/strong><\/p>\n<p><em>Together with Linda Lehrhaupt:<\/em><br \/>\n<strong>Mindfulness-Based Stress Reduction: The MBSR Program for Enhancing Health and Vitality<\/strong><br \/>\nLinda Lehrhaupt, Petra Meibert, 2017<\/p>\n<p><strong>Achtsamkeitsbasierte Therapie und Stressreduktion MBCT\/MBSR\u00a0(Wege der Psychotherapie)<\/strong>,<br \/>\nErnst Reinhardt Verlag (Mai 2016)<\/p>\n<p><strong>Der Weg aus dem Gr\u00fcbelkarussell &#8211; Achtsamkeitstraining bei Depression, \u00c4ngsten und negativen Selbstgespr\u00e4chen. Das MBCT Buch<\/strong>,<br \/>\nK\u00f6sel Verlag (2014)<\/p>\n<p><em>She is co-editor of:<\/em><br \/>\n<strong>Psychotherapie und buddhistisches Geistestraining &#8211; Methoden einer achtsamen Bewusstseinskultur<\/strong>,<br \/>\nSchattauer Verlag (2013)<\/p>\n<p>&nbsp;<\/p>\n<p><strong>Book Contributions:\u00a0<\/strong><\/p>\n<p><strong>Achtsamkeit in Psychotherapie und Psychosomatik<\/strong>,<br \/>\nAnderssen-Reuster, Hrsg., Schattauer Verlag (2011)<\/p>\n<p><strong>Achtsamkeit und Akzeptanz in der Psychotherapie<\/strong>,<br \/>\nHeidenreich, Michalak, Hrsg. dgvt Verlag (2004)<\/p>\n<p>&nbsp;<\/p>\n<p><strong>CDs:<br \/>\n<\/strong><em>Petra Meibert is speaker on the following CDs:\u00a0<\/em><\/p>\n<p><strong>Stress bew\u00e4ltigen mit Achtsamkeit: MBSR- und Achtsamkeits\u00fcbungen f\u00fcr jeden Tag<\/strong>,<br \/>\n2 CDs, Lehrhaupt, L., Meibert, P. und Krudup, K., K\u00f6sel Verlag (2010)<\/p>\n<p><strong>Achtsamkeits\u00fcbungen f\u00fcr die klinische Praxis und den Alltag<\/strong>,<br \/>\nMichalak, J., Heidenreich, T., Williams, J.M.G., und Meibert, P., Hogrefe Verlag (2012)<\/p>\n<p><strong>Meditation im Alltag. Gelassenheit finden in einer hektischen Welt<\/strong>,<br \/>\nWilliams M., Penman, D., Arkana Verlag (2011)<\/p>\n<hr \/>\n<p><strong>PROF. DR. JOHANNES MICHALAK<\/strong><\/p>\n<p><strong>Books:\u00a0<\/strong><\/p>\n<p><strong>Achtsamkeit \u00fcben &#8211; Hilfe bei Stress, Depression, \u00c4ngsten und h\u00e4ufigem Gr\u00fcbeln<\/strong>,<br \/>\nMichalak, J., Meibert, P. &amp; Heidenreich, Th., Hogrefe Verlag (2017)<\/p>\n<p><strong>Achtsamkeit<\/strong>,<strong><br \/>\n<\/strong>Michalak, J., Heidenreich, T. &amp; Williams, J. M. G., Hogrefe (2012)<\/p>\n<p><strong>Achtsamkeit und Akzeptanz in der Psychotherapie &#8211; ein Handbuch<\/strong>,<br \/>\nHeidenreich, T. &amp; Michalak, J. (Hrsg.), 3. \u00fcberarbeitete und erweiterte Auflage,\u00a0DGVT-Verlag (2009)<\/p>\n<p>&nbsp;<\/p>\n<p><strong>Book Contributions:\u00a0<\/strong><\/p>\n<p>Heidenreich, T., Graser, J., Grober, C. &amp; Michalak, J. (2020). Achtsamkeit, Selbstmitgef\u00fchl und Liebevolle G\u00fcte: Grundlagen und Bedeutung in Psychotherapie und Gesellschaft. In: H. Bents, M. Gschwendt &amp; J. Mander (Hrsg.): Achtsamkeit und Selbstmitgef\u00fchl. Anwendungen in der psychotherapeutischen Praxis (S. 25-34). Heidelberg: Springer.<\/p>\n<p>Michalak, J., Lumma, A.-L. &amp; Heidenreich, T.(2020). Die Rolle des K\u00f6rpers im Rahmen achtsamkeitsbasierter Ans\u00e4tze. In: H. Bents, M. Gschwendt &amp; J. Mander (Hrsg.): Achtsamkeit und Selbstmitgef\u00fchl. Anwendungen in der psychotherapeutischen Praxis (S. 83-94). Heidelberg: Springer.<\/p>\n<p>Westermann, S., grosse Holtforth, M. &amp; Michalak, J. (2019). Motivation in psychotherapy. In R. M. Ryan (Ed.), The Oxford Handbook of Human Motivation (2nd edition) (pp. 417-441). New York, NY: Oxford University Press.<\/p>\n<p>Heidenreich, T., Grober, C. &amp; Michalak, J. (2018). W\u00fcrde und Akzeptanz in der Psychotherapie. In: A. K\u00e4mmerer &amp; H. Bents (Hrsg.): Psychotherapie und W\u00fcrde (S. 91-104). Heidelberg: Springer.<\/p>\n<p>Michalak, J., Graser, J. &amp; Heidenreich, T. (2018). Achtsamkeit. In: C. Kohlmann, C. Salewski &amp; M. A. Wirtz (Hrsg.), Psychologie in der Gesundheitsf\u00f6rderung (S. 425-436). Bern: Hogrefe.<\/p>\n<p>Heidenreich, T. &amp; Michalak, J. (2018). Achtsamkeit. In J. Margraf &amp; S. Schneider (Hrsg.), Lehrbuch der Verhaltenstherapie (4. Auflage) (S. 455-464). Berlin: Springer.<\/p>\n<p>Michalak, J. &amp; Heidenreich. T. (2018). Ziele in der Psychotherapie. In S. Fliegel, W. J\u00e4nicke, S. M\u00fcnstermann, G. Ruggaber, A. Veith &amp; U. Willutzki (Hrsg.), Verhaltenstherapie &#8211; Was sie kann und wie es geht. Ein Lehrbuch (541-554). T\u00fcbingen: DGVT-Verlag.<\/p>\n<p>Heidenreich, T., Junghanns-Royack, K. &amp; Michalak, J. (2017). Mindfulness-based therapy: Achtsamkeit vermitteln. In R. Frank (Hrsg.), Therapieziel Wohlbefinden. Ressourcen aktivieren in der Psychotherapie (3. Auflage, S. 95-119). Heidelberg: Springer.<\/p>\n<p>Heidenreich, T., Kr\u00f6ger, P. &amp; Michalak, J. (2017). Entspannungsverfahren. In E.-L. Brakemeiner &amp; F. Jacobi (Hrsg.), Verhaltenstherapie in der Praxis (S. 365-376). Weinheim: Beltz-Verlag.<\/p>\n<p>Heidenreich, T., Riedel, A. &amp; Michalak, J. (2017). Achtsamkeitsbasierte Ans\u00e4tze in der Palliative Care. In D. Berthold, M. Gaspar &amp; U. Sibelius (Hrsg.), Psychotherapeutische Perspektiven am Lebensende (S. 53-69). G\u00f6ttingen: Vandenhoeck und Ruprecht.<\/p>\n<p>Michalak, J., Weidenfeller, S. &amp; Heidenreich, T. (2017). Mindfulness-Based Cognitive Therapy (MBCT). In E.-L. Brakemeiner &amp; F. Jacobi (Hrsg.), Verhaltenstherapie in der Praxis (S. 740-751). Weinheim: Beltz-Verlag.<\/p>\n<p>Weidenfeller, S., Heidenreich, T. &amp; Michalak, J. (2017). Achtsamkeit und Akzeptanz. In E.-L. Brakemeiner &amp; F. Jacobi (Hrsg.), Verhaltenstherapie in der Praxis (S. 399-406). Weinheim: Beltz-Verlag.<\/p>\n<p>&nbsp;<\/p>\n<p><strong>Journal Articles:<\/strong><\/p>\n<p><strong><em>2020\u00a0<\/em><\/strong><\/p>\n<p>Buxton, A., Remmers. C., Unger, H.-P., Plinz, N. &amp; Michalak, J. (2020). Treating depression mindfully in a day hospital: A randomized controlled pilot study. Mindfulness, 11, 384\u2013400. [IF 2018: 3,000]\n<p>Elkj\u00e6r, E., Mikkelsen, M.B., Michalak, J., Mennin, D. S. &amp; O\u2019Toole, M.S. (2020). Expansive and contractive postures and movement: A systematic review and meta-analysis of the effect of motor displays on affective and behavioral responses. Perspectives on Psychological Science. doi:<br \/>\n10.1177\/1745691620919358 [IF 2018: 8,190]\n<p>Heidenreich, T., Graser, J., Grober, C. &amp; Michalak, J. (2020). Achtsamkeit, Selbstmitgef\u00fchl und Liebevolle G\u00fcte: Grundlagen und Bedeutung in Psychotherapie und Gesellschaft. In: H. Bents, M. Gschwendt &amp; J. Mander (Hrsg.): Achtsamkeit und Selbstmitgef\u00fchl. Anwendungen in der<br \/>\npsychotherapeutischen Praxis (S. 25-34). Heidelberg: Springer.<\/p>\n<p>Hofheinz, C., Reder, M. &amp; Michalak, J. (2020). How specific is cognitive change? A randomized controlled trial comparing brief cognitive and mindfulness interventions for depression. Psychotherapy Research, 30, 675\u2013691. [IF 2018: 2,788]\n<p>Karl, J., Silvia, P., Gra\u010danin, A., Verhaeghen, P., Ramos, A., Mandal, S. P., Michalak, J.; Zhang, C.-Q., Schmidt, C., Tran, U., Druica, E., Solem, S., Astani, A., Liu, X., Luciano, J. V., Tkalcic, M., Lilja, J., Dundas, I. &amp; Fischer, R. (2000). Is dispositional mindfulness a cultural universal? Examining the cross-cultural validity of the Five-Facet Mindfulness Questionnaire across 16 countries. Mindfulness, 11, 1226\u20131237 [IF 2018: 3,000]\n<p>Lumma, A.-L., Heidenreich, T. &amp; Michalak, J. (2020). How would the Buddha rate on Rosenberg\u2019s Self-Esteem Scale? Mindfulness, 11, 521\u2013526. [IF 2018: 3,000]\n<p>Michalak, J., Bosch, J. &amp; Heidenreich, T. (2020). Achtsamkeit. In U. T. Egle, C. Heim, B. Strauss &amp; R. von K\u00e4nel &amp; (Hrsg.), Psychosomatik \u2013 neurobiologisch fundiert und evidenzbasiert (S. 731-734). Stuttgart: Kohlhammer.<\/p>\n<p>Michalak, J., Lumma, A.-L. &amp; Heidenreich, T. (2020). Die Rolle des K\u00f6rpers im Rahmen achtsamkeitsbasierter Ans\u00e4tze. In: H. Bents, M. Gschwendt &amp; J. Mander (Hrsg.): Achtsamkeit und Selbstmitgef\u00fchl. Anwendungen in der psychotherapeutischen Praxis (S. 83-94). Heidelberg:<br \/>\nSpringer.<\/p>\n<p>Michalak, J., Mander, J. &amp; Heidenreich, T. (2020). Dissemination and implementation of mindfulness-based interventions. Mindfulness, 11, 275\u2013278. [IF 2018: 3,000]\n<p>Michalak, J., Steinhaus, K. &amp; Heidenreich, T. (2020). (How) do therapists use mindfulness in their clinical work? A study on the implementation of mindfulness interventions. Mindfulness, 11, 401\u2013410. [IF: 3,000]\n<p>Probst, T., Kocsis-Bog\u00e1r, K., Schramm, E., Heidenreich, T., Klein, J.-P., Pieh, C. &amp; Michalak, J. (2020). Patients\u2019 interpersonal problems as moderators of depression outcomes in a randomized controlled trial comparing Mindfulness-based Cognitive Therapy and a group version of the<br \/>\nCognitive Behavioral Analysis System of Psychotherapy in chronic depression. Journal of Clinical Psychology, 76, 1241\u20131254. [IF 2018: 2,059]\n<p><strong><em>2019\u00a0<\/em><\/strong><\/p>\n<p>Niemeyer, H., Bieda, A., Michalak, J., Schneider, S. &amp; Margraf, J. (2019). Education and mental health: Do psychosocial resources matter? SSM &#8211; Population Health, 7, 100392<\/p>\n<p>Lavallee, K., Zhang, X. C., Michalak, J., Neher, T. Margraf, J. , &amp; Schneider, S. (2019). Vegetarian diet and mental health: Cross-sectional and longitudinal analyses in culturally diverse samples. Journal of Affective Disorders, 248, 147-154. [IF 2018: 4,084]\n<p>Michalak, J., Crane, C., Germer, C., Gold, E., Heidenreich, T., Mander, J., Meibert, P. &amp; Segal, Z. V. (2019). Principles for a responsible integration of mindfulness in individual therapy. Mindfulness. 10, 799\u2013781. [IF 2018: 3,000]\n<p>Michalak, J., Lyons, N. &amp; Heidenreich, T. (2019). The evidence for basic assumptions of dance movement therapy and body psychotherapy related to findings from embodiment research. In H. Payne, S. Koch, J. Tantia &amp; T. Fuchs (Eds.) Embodied perspectives in psychotherapy: Approaches from dance movement and body psychotherapies (pp. 53-64). London: Routledge.<\/p>\n<p><strong><em>2018<\/em><\/strong><\/p>\n<p>Flack, F., Stahtschmidt, L., Dobe, M., Hirschfeld, G., Kesper, A., Michalak, J., Wager, J &amp; Zernikow, B. (2018). Efficacy of adding interoceptive exposure to intensive interdisciplinary treatment for adolescents with chronic pain: A randomized controlled trial. PAIN, 158(11), 2223-2233[IF: 6,029]\n<p>Furukawa, T. A., Efthimiou, O., Weitz, E. S., Cipriani, A., Keller, M. B., Kocsis, J. H., Klein, D. N., Michalak, J., Salanti, G.. Cuipers, P. &amp; Schramm, E. (2018). Cognitive-behavioral analysis system of psychotherapy (CBASP), drug, or their combination for persistent depressive disorder: Personalizing the treatment choice using individual participant data network meta-regression.Psychotherapy &amp; Psychosomatics, 87(3), 140-153.. [IF: 13,744]\n<p>Ganz, T., Braun, M., Laging, M., Schermelleh-Engel, K., Michalak, J. &amp; Heidenreich, T. (2018). Effects of a stand-alone web-based electronic screening and brief intervention targeting alcohol use in university students of legal drinking age: A randomized controlled trial. Addictive Behaviors, 77, 81-88. [IF 2017: 2,868]\n<p>Michalak, J., Chatinyan, A. , Chourib, H. &amp; Teismann, T. (2018). The impact of upward vs. downward movement patterns on memory characteristics of depressed individuals. Psychopathology, 51, 326-334. [IF: 1,816]\n<p>Michalak, J. &amp; Heidenreich, T. (2018). Dissemination before evidence? What are the driving forces behind the dissemination of mindfulness-based interventions? Clinical Psychology: Science and Practice, 25(3), e12254 [IF: 6,028]\n<p>Michalak, J., Steinhaus, K. &amp; Heidenreich, T. (2018). (How) do therapists use mindfulness in their clinical work? A study on the implementation of mindfulness interventions. Mindfulness. https:\/\/doi.org\/10.1007\/s12671-018-0929-9 [IF: 3,000]\n<p>Remmers. C., Zimmermann, J., Buxton, A., Unger, H.-P., Koole, S. L., Knaevelsrud, C. &amp; Michalak, J. (in press). Emotionally aligned: Preliminary results on the effects of a mindfulness-based Intervention for depression on congruence between implicit and explicit mood. Clinical Psychology and Psychotherapy, 25(6), 818-826. [IF: 2,335]\n<p><strong><em>2017<\/em><\/strong><\/p>\n<p>Burg, J. M., Probst, T., Heidenreich, T. &amp; Michalak, J. (2017). Development and psychometric evaluation of the Body Mindfulness Questionnaire. Mindfulness, 8(, 807-818. [IF 2016: 3,015]\n<p>Heidenreich, T., Noyon, A., Grober, C. &amp; Michalak, J. (2017). Ziele, Werte und Sinn. Grundlagen und ihre Bedeutung in der aktuellen Verhaltenstherapie. Psychotherapeut, 62, 469-482. [IF: 0,364].<\/p>\n<p>Hofheinz, C., Germar, M., Schultze, T. &amp; Mojzisch, A. (2017). Are depressed people more or less susceptible to informational social influence? Cognitive Therapy &amp; Research, 41, 699\u2013711. [IF 2016: 2,313].<\/p>\n<p>Hofheinz, C., Heidenreich, T. &amp; Michalak, J. (2017). Werteorientierte Verhaltensaktivierung bei depressiven St\u00f6rungen. Weinheim: Beltz-Verlag.<\/p>\n<p>Lewer, M., Kosfelder, J., Michalak, J., Schroeder, D. Nasrawi, N. &amp; Vocks, S. (2017). Effects of a cognitive-behavioral exposure-based body image therapy for overweight females with binge eating disorder: A pilot study. Journal of Eating Disorders, 5:43 DOI 10.1186\/s40337-017-0174- y<\/p>\n<p>Michalak, J., Mander, J. &amp; Heidenreich, T. (2017). Achtsamkeitsbasierte kognitive Therapie: Ein \u00dcberblick. \u00c4rztliche Psychotherapie, 12, 152-157.<\/p>\n<p>Michalak, J., Weidenfeller, S. &amp; Heidenreich, T. (2017). Achtsamkeitspraxis und ihre Bedeutung in der Psychotherapie. Psychotherapie im Dialog, 18, 18-23.<\/p>\n<p>Remmers, C., Topolinski, S., Buxton, A. Dietrich, D. E. &amp; Michalak, J. (2017). The beneficial and detrimental effects of Major Depression on intuitive decision-making. Cognition &amp; Emotion, 31(4), 799\u2013805. [IF 2016: 2,688].<\/p>\n<p>Teismann, T., Willutzki, U., Michalak, J., Siegmann, P., Nyhuis, P., Wolter; M. &amp; Forkmann, T. (2017). Religious beliefs buffer the impact of depression on suicide ideation. Psychiatry Research, 257, 276-278. [IF 2016: 2,528].<\/p>\n<p>&nbsp;<\/p>\n","protected":false},"excerpt":{"rendered":"<p>DIPL.-PSYCH. PETRA MEIBERT Books: Together with Linda Lehrhaupt: Mindfulness-Based Stress Reduction: The MBSR Program for Enhancing Health and Vitality Linda Lehrhaupt, Petra Meibert, 2017 Achtsamkeitsbasierte Therapie und Stressreduktion MBCT\/MBSR\u00a0(Wege der<\/p>\n","protected":false},"author":3,"featured_media":0,"parent":0,"menu_order":0,"comment_status":"closed","ping_status":"closed","template":"","meta":{"_monsterinsights_skip_tracking":false,"_monsterinsights_sitenote_active":false,"_monsterinsights_sitenote_note":"","_monsterinsights_sitenote_category":0,"footnotes":""},"class_list":["post-5707","page","type-page","status-publish","hentry"],"aioseo_notices":[],"_links":{"self":[{"href":"https:\/\/www.achtsamkeitsinstitut-ruhr.de\/en\/wp-json\/wp\/v2\/pages\/5707","targetHints":{"allow":["GET"]}}],"collection":[{"href":"https:\/\/www.achtsamkeitsinstitut-ruhr.de\/en\/wp-json\/wp\/v2\/pages"}],"about":[{"href":"https:\/\/www.achtsamkeitsinstitut-ruhr.de\/en\/wp-json\/wp\/v2\/types\/page"}],"author":[{"embeddable":true,"href":"https:\/\/www.achtsamkeitsinstitut-ruhr.de\/en\/wp-json\/wp\/v2\/users\/3"}],"replies":[{"embeddable":true,"href":"https:\/\/www.achtsamkeitsinstitut-ruhr.de\/en\/wp-json\/wp\/v2\/comments?post=5707"}],"version-history":[{"count":5,"href":"https:\/\/www.achtsamkeitsinstitut-ruhr.de\/en\/wp-json\/wp\/v2\/pages\/5707\/revisions"}],"predecessor-version":[{"id":6320,"href":"https:\/\/www.achtsamkeitsinstitut-ruhr.de\/en\/wp-json\/wp\/v2\/pages\/5707\/revisions\/6320"}],"wp:attachment":[{"href":"https:\/\/www.achtsamkeitsinstitut-ruhr.de\/en\/wp-json\/wp\/v2\/media?parent=5707"}],"curies":[{"name":"wp","href":"https:\/\/api.w.org\/{rel}","templated":true}]}}